{"id":481,"date":"2018-02-01T21:44:15","date_gmt":"2018-02-01T21:44:15","guid":{"rendered":"https:\/\/empact-project.eu\/?page_id=481"},"modified":"2018-12-11T13:06:04","modified_gmt":"2018-12-11T13:06:04","slug":"about-2","status":"publish","type":"page","link":"https:\/\/empact-project.eu\/?page_id=481&lang=da","title":{"rendered":"Om"},"content":{"rendered":"<p>[et_pb_section bb_built=&#8221;1&#8243;][et_pb_row][et_pb_column type=&#8221;4_4&#8243;][et_pb_text _builder_version=&#8221;3.0.98&#8243; background_layout=&#8221;dark&#8221; background_color=&#8221;rgba(12,113,195,0.97)&#8221; text_font=&#8221;Arial|700|||||||&#8221; text_orientation=&#8221;center&#8221; border_width_all=&#8221;3px&#8221; text_font_size=&#8221;20px&#8221; header_text_align=&#8221;center&#8221; text_letter_spacing=&#8221;5px&#8221; text_line_height=&#8221;1em&#8221; header_font_size=&#8221;12px&#8221; header_2_line_height=&#8221;1.7em&#8221;]<\/p>\n<p>&nbsp;<\/p>\n<p style=\"text-align: center;\">Om Projektet<\/p>\n<p>&nbsp;<\/p>\n<p>[\/et_pb_text][et_pb_accordion _builder_version=&#8221;3.0.98&#8243; border_radii=&#8221;on|10px|10px|10px|10px&#8221;][et_pb_accordion_item _builder_version=&#8221;3.0.98&#8243; title=&#8221;Generel information&#8221; use_background_color_gradient=&#8221;off&#8221; background_color_gradient_start=&#8221;#2b87da&#8221; background_color_gradient_end=&#8221;#29c4a9&#8243; background_color_gradient_type=&#8221;linear&#8221; background_color_gradient_direction=&#8221;180deg&#8221; background_color_gradient_direction_radial=&#8221;center&#8221; background_color_gradient_start_position=&#8221;0%&#8221; background_color_gradient_end_position=&#8221;100%&#8221; background_color_gradient_overlays_image=&#8221;off&#8221; parallax=&#8221;off&#8221; parallax_method=&#8221;on&#8221; background_size=&#8221;cover&#8221; background_position=&#8221;center&#8221; background_repeat=&#8221;no-repeat&#8221; background_blend=&#8221;normal&#8221; allow_player_pause=&#8221;off&#8221; text_shadow_style=&#8221;none&#8221; box_shadow_style=&#8221;none&#8221; text_shadow_horizontal_length=&#8221;0em&#8221; text_shadow_vertical_length=&#8221;0em&#8221; text_shadow_blur_strength=&#8221;0em&#8221; border_radii=&#8221;on|0px|0px|0px|0px&#8221;]<\/p>\n<ul>\n<li>\u00a0Varighed: 24 m\u00e5neder.<\/li>\n<li>Periode: 1. November 2017 \u2013 31. oktober 2019<\/li>\n<li>Budget: 224.118 \u20ac<\/li>\n<li>artnere: Fundatia Ecologica Green, Rum\u00e6nien, Instituto Politecnico De Santarem, Portugal, ROC Drenthe College, Holland, Kanuni Mesleki Ve Teknik Anadolu Lisesi, Tyrkiet, Cifp Easo Politeknikoa Donostia-San Sebastian LHII, Spanien, SOSU \u00d8STJYLLAND, Danmark.<\/li>\n<\/ul>\n<p>[\/et_pb_accordion_item][et_pb_accordion_item _builder_version=&#8221;3.0.98&#8243; title=&#8221;Generelle projektm\u00e5l&#8221; use_background_color_gradient=&#8221;off&#8221; background_color_gradient_start=&#8221;#2b87da&#8221; background_color_gradient_end=&#8221;#29c4a9&#8243; background_color_gradient_type=&#8221;linear&#8221; background_color_gradient_direction=&#8221;180deg&#8221; background_color_gradient_direction_radial=&#8221;center&#8221; background_color_gradient_start_position=&#8221;0%&#8221; background_color_gradient_end_position=&#8221;100%&#8221; background_color_gradient_overlays_image=&#8221;off&#8221; parallax=&#8221;off&#8221; parallax_method=&#8221;on&#8221; background_size=&#8221;cover&#8221; background_position=&#8221;center&#8221; background_repeat=&#8221;no-repeat&#8221; background_blend=&#8221;normal&#8221; allow_player_pause=&#8221;off&#8221; text_shadow_style=&#8221;none&#8221; box_shadow_style=&#8221;none&#8221;]<\/p>\n<p>Projektm\u00e5l 1<\/p>\n<p>* At h\u00f8jne undervisningskvaliteten inden for sundhedsomr\u00e5det<\/p>\n<p>Projektm\u00e5l 2<\/p>\n<p>* At g\u00f8re undervisning inden for sundhedsomr\u00e5det mere tilg\u00e6ngelig og attraktiv for de studerende<\/p>\n<p>Projektm\u00e5l 3<\/p>\n<p>* At projektpartnerne udveksler gode erfaringer og drager nytte af hinandens ekspertise<\/p>\n<p>[\/et_pb_accordion_item][et_pb_accordion_item _builder_version=&#8221;3.0.98&#8243; title=&#8221;Projektets konkrete resultater&#8221; use_background_color_gradient=&#8221;off&#8221; background_color_gradient_start=&#8221;#2b87da&#8221; background_color_gradient_end=&#8221;#29c4a9&#8243; background_color_gradient_type=&#8221;linear&#8221; background_color_gradient_direction=&#8221;180deg&#8221; background_color_gradient_direction_radial=&#8221;center&#8221; background_color_gradient_start_position=&#8221;0%&#8221; background_color_gradient_end_position=&#8221;100%&#8221; background_color_gradient_overlays_image=&#8221;off&#8221; parallax=&#8221;off&#8221; parallax_method=&#8221;on&#8221; background_size=&#8221;cover&#8221; background_position=&#8221;center&#8221; background_repeat=&#8221;no-repeat&#8221; background_blend=&#8221;normal&#8221; allow_player_pause=&#8221;off&#8221; text_shadow_style=&#8221;none&#8221; box_shadow_style=&#8221;none&#8221;]<\/p>\n<p>1. En startpakke, der indeholder: en H\u00e5ndbog om hvordan man kan anvende simulation p\u00e5 enhver social-og sundhedsskole og en Guide til hvordan brug af medier kan fremme og dokumentere simulation. Guiden skal supplere h\u00e5ndbogen som en appetitv\u00e6kker tll brug af medier f\u00f8r, under og efter simulation. Startpakken vil kunne findes i en elektronisk version.<\/p>\n<p>2. En samling scenarier og sm\u00e5 videoer relateret til grundl\u00e6ggende sundhedsfaglige opgaver og guidelines i forhold til at producere gode scenarier. Der vil blive udviklet 6 scenarier og 6 videoer til at illustrere dette.<\/p>\n<p>3. En samling af brugermanualer, dvs. et s\u00e6t kurser om emner, som er valgt af partnerne og hvor man bruger lyd og billeder. Hovedform\u00e5let med at fremme og st\u00f8tte arbejdet med brugermanualer er at udvide l\u00e6ringsrummet.<\/p>\n<p>[\/et_pb_accordion_item][et_pb_accordion_item _builder_version=&#8221;3.0.98&#8243; title=&#8221;Projektaktiviteter &#8221; use_background_color_gradient=&#8221;off&#8221; background_color_gradient_start=&#8221;#2b87da&#8221; background_color_gradient_end=&#8221;#29c4a9&#8243; background_color_gradient_type=&#8221;linear&#8221; background_color_gradient_direction=&#8221;180deg&#8221; background_color_gradient_direction_radial=&#8221;center&#8221; background_color_gradient_start_position=&#8221;0%&#8221; background_color_gradient_end_position=&#8221;100%&#8221; background_color_gradient_overlays_image=&#8221;off&#8221; parallax=&#8221;off&#8221; parallax_method=&#8221;on&#8221; background_size=&#8221;cover&#8221; background_position=&#8221;center&#8221; background_repeat=&#8221;no-repeat&#8221; background_blend=&#8221;normal&#8221; allow_player_pause=&#8221;off&#8221; text_shadow_style=&#8221;none&#8221; box_shadow_style=&#8221;none&#8221;]<\/p>\n<p><strong>Projektledelse<\/strong><\/p>\n<ul>\n<li>4 Internationale projektpartnerm\u00f8der (Ia\u0219i, Aarhus, Izmit, Emmen)<\/li>\n<li>\u00a0Ledelse af lokale aktiviteter samt rapportering<\/li>\n<\/ul>\n<p><strong>Formidling og anvendelse<\/strong><\/p>\n<ul>\n<li>\u00a0Projekthjemmeside<\/li>\n<li>Lokale formidlingsaktiviteter inklusiv 6 seminarer<\/li>\n<li>Slutkonference<\/li>\n<\/ul>\n<p><strong>L\u00e6rings- og undervisningsaktiviteter<\/strong><\/p>\n<ul>\n<li>3 f\u00e6lles l\u00e6rings- og udviklingsforl\u00f8b for medarbejdere (Santarem, San Sebastian, Ia\u0219i)<\/li>\n<li>\u00a02 Virtuelle og fysiske elevmobiliteter (Aarhus, Emmen)<\/li>\n<\/ul>\n<p><strong>Udvikling af de konkrete projektprodukter<\/strong><\/p>\n<ul>\n<li>Produkt nummer 01,02,O3<\/li>\n<\/ul>\n<p><strong>Evaluering<\/strong><\/p>\n<p>[\/et_pb_accordion_item][et_pb_accordion_item _builder_version=&#8221;3.0.98&#8243; title=&#8221;Korte L\u00e6rings- og udviklingsaktiviteter&#8221; use_background_color_gradient=&#8221;off&#8221; background_color_gradient_start=&#8221;#2b87da&#8221; background_color_gradient_end=&#8221;#29c4a9&#8243; background_color_gradient_type=&#8221;linear&#8221; background_color_gradient_direction=&#8221;180deg&#8221; background_color_gradient_direction_radial=&#8221;center&#8221; background_color_gradient_start_position=&#8221;0%&#8221; background_color_gradient_end_position=&#8221;100%&#8221; background_color_gradient_overlays_image=&#8221;off&#8221; parallax=&#8221;off&#8221; parallax_method=&#8221;on&#8221; background_size=&#8221;cover&#8221; background_position=&#8221;center&#8221; background_repeat=&#8221;no-repeat&#8221; background_blend=&#8221;normal&#8221; allow_player_pause=&#8221;off&#8221; text_shadow_style=&#8221;none&#8221; box_shadow_style=&#8221;none&#8221;]<\/p>\n<ul>\n<li>3 l\u00e6rings- og udviklingsforl\u00f8b \u00e1 5 dage &#8211; for 3 medarbejdere (IT ansvarlig + 2 sygeplejersker) fra hver partner, organiseret af Portugal, Spanien og Rum\u00e6nien.<\/li>\n<li>Hovedm\u00e5l; At udvikle personlige og faglige kompetencer hos medarbejderne, at designe og afpr\u00f8ve projektprodukterne samt at udveklse erfaringer inden for social- og sundhedsuddannelserne.<\/li>\n<\/ul>\n<p>[\/et_pb_accordion_item][et_pb_accordion_item _builder_version=&#8221;3.0.98&#8243; title=&#8221;Virtuel og fysisk elevmobilitet&#8221; use_background_color_gradient=&#8221;off&#8221; background_color_gradient_start=&#8221;#2b87da&#8221; background_color_gradient_end=&#8221;#29c4a9&#8243; background_color_gradient_type=&#8221;linear&#8221; background_color_gradient_direction=&#8221;180deg&#8221; background_color_gradient_direction_radial=&#8221;center&#8221; background_color_gradient_start_position=&#8221;0%&#8221; background_color_gradient_end_position=&#8221;100%&#8221; background_color_gradient_overlays_image=&#8221;off&#8221; parallax=&#8221;off&#8221; parallax_method=&#8221;on&#8221; background_size=&#8221;cover&#8221; background_position=&#8221;center&#8221; background_repeat=&#8221;no-repeat&#8221; background_blend=&#8221;normal&#8221; allow_player_pause=&#8221;off&#8221; text_shadow_style=&#8221;none&#8221; box_shadow_style=&#8221;none&#8221;]<\/p>\n<ul>\n<li>2 mobiliteter (kombination af virtuel og fysisk mobilitet.) 5 dage med 4 elever fra hver partner afholdt i Danmark og Holland<\/li>\n<li>\u00a0Hovedm\u00e5l: At udvikle personlige og faglige kompetencer hos elever, at afpr\u00f8ve de simulationsscenarier, inklusiv briefing og debriefing, som er udviklet i en international kontekst inden for projektet samt at udveksle erfaringer .<\/li>\n<\/ul>\n<p>[\/et_pb_accordion_item][et_pb_accordion_item _builder_version=&#8221;3.0.98&#8243; title=&#8221;Formidling&#8221; use_background_color_gradient=&#8221;off&#8221; background_color_gradient_start=&#8221;#2b87da&#8221; background_color_gradient_end=&#8221;#29c4a9&#8243; background_color_gradient_type=&#8221;linear&#8221; background_color_gradient_direction=&#8221;180deg&#8221; background_color_gradient_direction_radial=&#8221;center&#8221; background_color_gradient_start_position=&#8221;0%&#8221; background_color_gradient_end_position=&#8221;100%&#8221; background_color_gradient_overlays_image=&#8221;off&#8221; parallax=&#8221;off&#8221; parallax_method=&#8221;on&#8221; background_size=&#8221;cover&#8221; background_position=&#8221;center&#8221; background_repeat=&#8221;no-repeat&#8221; background_blend=&#8221;normal&#8221; allow_player_pause=&#8221;off&#8221; text_shadow_style=&#8221;none&#8221; box_shadow_style=&#8221;none&#8221;]<\/p>\n<p><strong>Trykt og p\u00e5 internettet:<\/strong><\/p>\n<ul>\n<li>\u00a0Brochurer og plakater<\/li>\n<li>Projektnyhedsbreve<\/li>\n<li>Projekthjemmeside og Facebookside<\/li>\n<li>Link til projekthjemmesiden fra projektpartnernes hjemmesider<\/li>\n<li>Produkter der er gjort tilg\u00e6ngelige p\u00e5 Youtube<\/li>\n<\/ul>\n<p><strong>Face- to- face:<\/strong><\/p>\n<ul>\n<li>M\u00f8der<\/li>\n<li>Interviews<\/li>\n<li>Pr\u00e6sentationer<\/li>\n<li>Undervisning<\/li>\n<li>Afholdelse af workshops, seminarer, fokusgrupper<\/li>\n<li>Deltagelse i konferencer<\/li>\n<li>\u00a0Networking med andre uddannelsesinstitutioner<\/li>\n<li>Seminarer<\/li>\n<\/ul>\n<p>[\/et_pb_accordion_item][et_pb_accordion_item _builder_version=&#8221;3.0.98&#8243; title=&#8221;Evaluering&#8221; use_background_color_gradient=&#8221;off&#8221; background_color_gradient_start=&#8221;#2b87da&#8221; background_color_gradient_end=&#8221;#29c4a9&#8243; background_color_gradient_type=&#8221;linear&#8221; background_color_gradient_direction=&#8221;180deg&#8221; background_color_gradient_direction_radial=&#8221;center&#8221; background_color_gradient_start_position=&#8221;0%&#8221; background_color_gradient_end_position=&#8221;100%&#8221; background_color_gradient_overlays_image=&#8221;off&#8221; parallax=&#8221;off&#8221; parallax_method=&#8221;on&#8221; background_size=&#8221;cover&#8221; background_position=&#8221;center&#8221; background_repeat=&#8221;no-repeat&#8221; background_blend=&#8221;normal&#8221; allow_player_pause=&#8221;off&#8221; text_shadow_style=&#8221;none&#8221; box_shadow_style=&#8221;none&#8221;]<\/p>\n<p><strong>Projektevaluering<\/strong><\/p>\n<p>P\u00e5 partnerskabsniveau bliver der l\u00f8bende evalueret i forbindelse med m\u00e5nedlige online m\u00f8der og partnerm\u00f8der baseret p\u00e5 en evalueringsstrategi ,som projektlederen har lavet udkastet til.<\/p>\n<p>Projektledelsen, alle de internationale partnerm\u00f8der, elevmobiliteterne samt l\u00e6rings- og udviklingsaktiviterterne for medarbejdere vil blive evalueret i form af sp\u00f8rgeskemsunders\u00f8gelser.<\/p>\n<p>P\u00e5 nationalt niveau vil hver partner evaluere den m\u00e5de, hvorp\u00e5 projektet gennemf\u00f8res, i sin egen institution p\u00e5 de projektm\u00f8der, der afholdes lokalt.<\/p>\n<ol>\n<li>1. Indholds\/kvalitetsevaluering partnerene imellem i forbindelse med materialeudvikling<\/li>\n<li>2. Evaluering af afpr\u00f8vningen at scenarier i hvert land af hver partner, men ogs\u00e5 transnationalt og som en del af skolernes normale aktiviteter<\/li>\n<li>3. Evaluering af brugermanualerne, foretaget af eleverne p\u00e5 hver partnerinstitution i de klasser, hvor de bliver anvendt.<\/li>\n<li>4. Evaluering foretaget af de elever, som deltager i elevmobiliteterne.<\/li>\n<\/ol>\n<p><strong>Evaluering af effekten:<\/strong><\/p>\n<ul>\n<li>P\u00e5 elevniveau: Det vil blive gjort i form af et sp\u00f8rgeskemaer.<\/li>\n<li>P\u00e5 elev- og underviserniveau: P\u00e5 b\u00e5de elev- og underviserniveau vil partnerne bruge en f\u00e6lles IT-platform for at f\u00e5 information om de mest brugte hjemmesider. Platformen kan ligeledes-bruges af de elever, der deltager i mobiliteter.<\/li>\n<li>\u00a0P\u00e5 underviserniveau vil det blive gjort i form af et sp\u00f8rgeskema for at d\u00e6kke nogle interessepunkter, der er identificerede p\u00e5 forh\u00e5nd.<\/li>\n<\/ul>\n<p>&nbsp;<\/p>\n<p>[\/et_pb_accordion_item][\/et_pb_accordion][\/et_pb_column][\/et_pb_row][\/et_pb_section]<\/p>\n","protected":false},"excerpt":{"rendered":"<p>[et_pb_section bb_built=&#8221;1&#8243;][et_pb_row][et_pb_column type=&#8221;4_4&#8243;][et_pb_text _builder_version=&#8221;3.0.98&#8243; background_layout=&#8221;dark&#8221; background_color=&#8221;rgba(12,113,195,0.97)&#8221; text_font=&#8221;Arial|700|||||||&#8221; text_orientation=&#8221;center&#8221; border_width_all=&#8221;3px&#8221; text_font_size=&#8221;20px&#8221; header_text_align=&#8221;center&#8221; text_letter_spacing=&#8221;5px&#8221; text_line_height=&#8221;1em&#8221; header_font_size=&#8221;12px&#8221; header_2_line_height=&#8221;1.7em&#8221;] &nbsp; Om Projektet &nbsp; [\/et_pb_text][et_pb_accordion _builder_version=&#8221;3.0.98&#8243; border_radii=&#8221;on|10px|10px|10px|10px&#8221;][et_pb_accordion_item _builder_version=&#8221;3.0.98&#8243; title=&#8221;Generel information&#8221; use_background_color_gradient=&#8221;off&#8221; background_color_gradient_start=&#8221;#2b87da&#8221; background_color_gradient_end=&#8221;#29c4a9&#8243; background_color_gradient_type=&#8221;linear&#8221; background_color_gradient_direction=&#8221;180deg&#8221; background_color_gradient_direction_radial=&#8221;center&#8221; background_color_gradient_start_position=&#8221;0%&#8221; background_color_gradient_end_position=&#8221;100%&#8221; background_color_gradient_overlays_image=&#8221;off&#8221; parallax=&#8221;off&#8221; parallax_method=&#8221;on&#8221; background_size=&#8221;cover&#8221; background_position=&#8221;center&#8221; background_repeat=&#8221;no-repeat&#8221; background_blend=&#8221;normal&#8221; allow_player_pause=&#8221;off&#8221; text_shadow_style=&#8221;none&#8221; box_shadow_style=&#8221;none&#8221; text_shadow_horizontal_length=&#8221;0em&#8221; text_shadow_vertical_length=&#8221;0em&#8221; text_shadow_blur_strength=&#8221;0em&#8221; border_radii=&#8221;on|0px|0px|0px|0px&#8221;] \u00a0Varighed: 24 m\u00e5neder. Periode: 1. November 2017 \u2013 [&hellip;]<\/p>\n","protected":false},"author":1,"featured_media":0,"parent":0,"menu_order":0,"comment_status":"closed","ping_status":"closed","template":"","meta":[],"_links":{"self":[{"href":"https:\/\/empact-project.eu\/index.php?rest_route=\/wp\/v2\/pages\/481"}],"collection":[{"href":"https:\/\/empact-project.eu\/index.php?rest_route=\/wp\/v2\/pages"}],"about":[{"href":"https:\/\/empact-project.eu\/index.php?rest_route=\/wp\/v2\/types\/page"}],"author":[{"embeddable":true,"href":"https:\/\/empact-project.eu\/index.php?rest_route=\/wp\/v2\/users\/1"}],"replies":[{"embeddable":true,"href":"https:\/\/empact-project.eu\/index.php?rest_route=%2Fwp%2Fv2%2Fcomments&post=481"}],"version-history":[{"count":29,"href":"https:\/\/empact-project.eu\/index.php?rest_route=\/wp\/v2\/pages\/481\/revisions"}],"predecessor-version":[{"id":990,"href":"https:\/\/empact-project.eu\/index.php?rest_route=\/wp\/v2\/pages\/481\/revisions\/990"}],"wp:attachment":[{"href":"https:\/\/empact-project.eu\/index.php?rest_route=%2Fwp%2Fv2%2Fmedia&parent=481"}],"curies":[{"name":"wp","href":"https:\/\/api.w.org\/{rel}","templated":true}]}}