{"id":489,"date":"2018-02-01T21:46:26","date_gmt":"2018-02-01T21:46:26","guid":{"rendered":"https:\/\/empact-project.eu\/?page_id=489"},"modified":"2018-12-11T13:34:37","modified_gmt":"2018-12-11T13:34:37","slug":"about-6","status":"publish","type":"page","link":"https:\/\/empact-project.eu\/?page_id=489&lang=tr","title":{"rendered":"About_tk"},"content":{"rendered":"<p>[et_pb_section bb_built=&#8221;1&#8243;][et_pb_row][et_pb_column type=&#8221;4_4&#8243;][et_pb_text _builder_version=&#8221;3.0.98&#8243; background_color=&#8221;#2c0ccc&#8221; background_layout=&#8221;dark&#8221; header_text_align=&#8221;center&#8221; text_line_height=&#8221;1.4em&#8221; text_orientation=&#8221;center&#8221; text_font_size=&#8221;23px&#8221; text_letter_spacing=&#8221;5px&#8221;]<\/p>\n<p style=\"text-align: center;\">Hakk\u0131nda<\/p>\n<p>[\/et_pb_text][et_pb_accordion _builder_version=&#8221;3.0.98&#8243;][et_pb_accordion_item _builder_version=&#8221;3.0.98&#8243; title=&#8221;Genel Bilgi&#8221; use_background_color_gradient=&#8221;off&#8221; background_color_gradient_start=&#8221;#2b87da&#8221; background_color_gradient_end=&#8221;#29c4a9&#8243; background_color_gradient_type=&#8221;linear&#8221; background_color_gradient_direction=&#8221;180deg&#8221; background_color_gradient_direction_radial=&#8221;center&#8221; background_color_gradient_start_position=&#8221;0%&#8221; background_color_gradient_end_position=&#8221;100%&#8221; background_color_gradient_overlays_image=&#8221;off&#8221; parallax=&#8221;off&#8221; parallax_method=&#8221;on&#8221; background_size=&#8221;cover&#8221; background_position=&#8221;center&#8221; background_repeat=&#8221;no-repeat&#8221; background_blend=&#8221;normal&#8221; allow_player_pause=&#8221;off&#8221; text_shadow_style=&#8221;none&#8221; box_shadow_style=&#8221;none&#8221;]<\/p>\n<ul>\n<li>S\u00fcre: 24 Ay.<\/li>\n<li>D\u00f6nem: 1 Kas\u0131m 2017 \u2013 31 Ekim 2019<\/li>\n<li>B\u00fct\u00e7e: 224.118 \u20ac<\/li>\n<li>Ortaklar: Fundatia Ecologica Green, Romania, Instituto Politecnico De Santarem, Portugal, ROC Drenthe College, Netherlands, Kanuni Mesleki Ve Teknik Anadolu Lisesi, Turkey, Cifp Easo Politeknikoa Donostia-San Sebastian LHII, Spain, SOSU \u00d8STJYLLAND, Denmark.<\/li>\n<\/ul>\n<p>[\/et_pb_accordion_item][et_pb_accordion_item _builder_version=&#8221;3.0.98&#8243; title=&#8221;Genel Hedefler&#8221; use_background_color_gradient=&#8221;off&#8221; background_color_gradient_start=&#8221;#2b87da&#8221; background_color_gradient_end=&#8221;#29c4a9&#8243; background_color_gradient_type=&#8221;linear&#8221; background_color_gradient_direction=&#8221;180deg&#8221; background_color_gradient_direction_radial=&#8221;center&#8221; background_color_gradient_start_position=&#8221;0%&#8221; background_color_gradient_end_position=&#8221;100%&#8221; background_color_gradient_overlays_image=&#8221;off&#8221; parallax=&#8221;off&#8221; parallax_method=&#8221;on&#8221; background_size=&#8221;cover&#8221; background_position=&#8221;center&#8221; background_repeat=&#8221;no-repeat&#8221; background_blend=&#8221;normal&#8221; allow_player_pause=&#8221;off&#8221; text_shadow_style=&#8221;none&#8221; box_shadow_style=&#8221;none&#8221;]<\/p>\n<h5>Hedef 1<\/h5>\n<ul>\n<li>Sa\u011fl\u0131k alan\u0131ndaki e\u011fitim kalitesini artt\u0131rmak<\/li>\n<\/ul>\n<h5>Hedef 2<\/h5>\n<ul>\n<li>Sa\u011fl\u0131k e\u011fitimini \u00f6\u011frenciler i\u00e7in daha eri\u015filebilir ve \u00e7ekici hale getirmek<\/li>\n<\/ul>\n<h5>Hedef 3<\/h5>\n<ul>\n<li>Ortaklar aras\u0131nda iyi uygulamalar\u0131n al\u0131\u015fveri\u015fini te\u015fvik etmek ve uzmanl\u0131klar\u0131n\u0131 birle\u015ftirmek<\/li>\n<\/ul>\n<p>[\/et_pb_accordion_item][et_pb_accordion_item _builder_version=&#8221;3.0.98&#8243; title=&#8221;Projenin Fikri \u00c7\u0131kt\u0131lar\u0131&#8221; use_background_color_gradient=&#8221;off&#8221; background_color_gradient_start=&#8221;#2b87da&#8221; background_color_gradient_end=&#8221;#29c4a9&#8243; background_color_gradient_type=&#8221;linear&#8221; background_color_gradient_direction=&#8221;180deg&#8221; background_color_gradient_direction_radial=&#8221;center&#8221; background_color_gradient_start_position=&#8221;0%&#8221; background_color_gradient_end_position=&#8221;100%&#8221; background_color_gradient_overlays_image=&#8221;off&#8221; parallax=&#8221;off&#8221; parallax_method=&#8221;on&#8221; background_size=&#8221;cover&#8221; background_position=&#8221;center&#8221; background_repeat=&#8221;no-repeat&#8221; background_blend=&#8221;normal&#8221; allow_player_pause=&#8221;off&#8221; text_shadow_style=&#8221;none&#8221; box_shadow_style=&#8221;none&#8221;]<\/p>\n<ol>\n<li>Ba\u015flang\u0131\u00e7 \u0130\u00e7eri\u011fi: Herhangi bir sa\u011fl\u0131k kurumu kolejinde sim\u00fclasyonun nas\u0131l uygulanaca\u011f\u0131 ve medya kullan\u0131m\u0131n\u0131n sim\u00fclasyonu nas\u0131l geli\u015ftirebilece\u011fi ve belgeleyebilece\u011fi hakk\u0131nda bir k\u0131lavuz. K\u0131lavuz, el kitab\u0131n\u0131n sim\u00fclasyon \u00f6ncesi, sonras\u0131 ve s\u00fcre\u00e7 i\u00e7inde medya kullan\u0131m\u0131 i\u00e7in rehber olmas\u0131n\u0131 sa\u011flamay\u0131 ama\u00e7lamaktad\u0131r. K\u0131lavuz ve El Kitab\u0131 elektronik versiyonda olacakt\u0131r.<\/li>\n<li>Temel sa\u011fl\u0131k hizmetleri uygulamas\u0131 i\u00e7in senaryolar ve k\u00fc\u00e7\u00fck videolar ile iyi senaryolar\u0131n nas\u0131l \u00fcretilece\u011fine dair k\u0131lavuzlar, bunlar\u0131 yans\u0131tacak 6 senaryo ve 6 videodan olu\u015facakt\u0131r.<\/li>\n<li>\u00d6\u011freticilerden olu\u015fan koleksiyon; her bir ortak taraf\u0131ndan se\u00e7ilen 2 konu i\u00e7in dersler ve sesler kullan\u0131larak derslere d\u00f6n\u00fc\u015ft\u00fcr\u00fclecek bir dizi dersi i\u00e7erir. \u00c7al\u0131\u015fmalar\u0131 \u00f6\u011freticilerle yapman\u0131n ve tan\u0131tman\u0131n temel amac\u0131, \u00f6\u011frenme alan\u0131n\u0131 geni\u015fletmektir.<\/li>\n<\/ol>\n<p>[\/et_pb_accordion_item][et_pb_accordion_item _builder_version=&#8221;3.0.98&#8243; title=&#8221;Projenin Faaliyetleri&#8221; use_background_color_gradient=&#8221;off&#8221; background_color_gradient_start=&#8221;#2b87da&#8221; background_color_gradient_end=&#8221;#29c4a9&#8243; background_color_gradient_type=&#8221;linear&#8221; background_color_gradient_direction=&#8221;180deg&#8221; background_color_gradient_direction_radial=&#8221;center&#8221; background_color_gradient_start_position=&#8221;0%&#8221; background_color_gradient_end_position=&#8221;100%&#8221; background_color_gradient_overlays_image=&#8221;off&#8221; parallax=&#8221;off&#8221; parallax_method=&#8221;on&#8221; background_size=&#8221;cover&#8221; background_position=&#8221;center&#8221; background_repeat=&#8221;no-repeat&#8221; background_blend=&#8221;normal&#8221; allow_player_pause=&#8221;off&#8221; text_shadow_style=&#8221;none&#8221; box_shadow_style=&#8221;none&#8221;]<\/p>\n<h4><strong>Proje Y\u00f6netimi<\/strong><\/h4>\n<ul>\n<li>4 Ulus\u00f6tesi proje toplant\u0131lar\u0131 (Ia\u0219i, Aarhus, \u0130zmit, Emmen)<\/li>\n<li>Yerel faaliyetlerin y\u00f6netimi ve raporlanmas\u0131<\/li>\n<\/ul>\n<h4><strong>Yayg\u0131nla\u015ft\u0131rma ve De\u011ferlendirme<\/strong><\/h4>\n<ul>\n<li>Proje Web Sitesi<\/li>\n<li>\u00c7arpan etkili 6 etkinlik dahil olmak \u00fczere yerel yayg\u0131nla\u015ft\u0131rma faaliyetleri<\/li>\n<li>Sonu\u00e7 Konferans\u0131<\/li>\n<\/ul>\n<h4><strong>\u00d6\u011frenme, \u00f6\u011fretim \/ e\u011fitim faaliyetleri<\/strong><\/h4>\n<ul>\n<li>3 k\u0131sa personel e\u011fitimi etkinlikleri (Santarem, San Sebastian, Ia\u0219i)<\/li>\n<li>2 Karma Hareketlilik (Aarhus, Emmen)<\/li>\n<\/ul>\n<h4><strong>Proje fikri \u00e7\u0131kt\u0131lar\u0131n\u0131n geli\u015ftirilmesi<\/strong><\/h4>\n<ul>\n<li>O1,O2,O3<\/li>\n<\/ul>\n<p>[\/et_pb_accordion_item][et_pb_accordion_item _builder_version=&#8221;3.0.98&#8243; title=&#8221;K\u0131sa s\u00fcreli ortak personel e\u011fitimi etkinlikleri&#8221; use_background_color_gradient=&#8221;off&#8221; background_color_gradient_start=&#8221;#2b87da&#8221; background_color_gradient_end=&#8221;#29c4a9&#8243; background_color_gradient_type=&#8221;linear&#8221; background_color_gradient_direction=&#8221;180deg&#8221; background_color_gradient_direction_radial=&#8221;center&#8221; background_color_gradient_start_position=&#8221;0%&#8221; background_color_gradient_end_position=&#8221;100%&#8221; background_color_gradient_overlays_image=&#8221;off&#8221; parallax=&#8221;off&#8221; parallax_method=&#8221;on&#8221; background_size=&#8221;cover&#8221; background_position=&#8221;center&#8221; background_repeat=&#8221;no-repeat&#8221; background_blend=&#8221;normal&#8221; allow_player_pause=&#8221;off&#8221; text_shadow_style=&#8221;none&#8221; box_shadow_style=&#8221;none&#8221; text_shadow_horizontal_length=&#8221;0em&#8221; text_shadow_vertical_length=&#8221;0em&#8221; text_shadow_blur_strength=&#8221;0em&#8221;]<\/p>\n<h4><\/h4>\n<ul>\n<li>3 Personel i\u00e7in 5 er g\u00fcnl\u00fck 3 hareketlilik (BT sorumlusu + 2 sa\u011fl\u0131k e\u011fitimcisi) Her ortaktan gelen 3 personeli Portekiz, \u0130spanya ve Romanya a\u011f\u0131rlayacak<\/li>\n<li>Ana hedefler: Personelin ki\u015fisel ve mesleki yetkinliklerini geli\u015ftirmek, entelekt\u00fcel \u00e7\u0131kt\u0131lar\u0131 tasarlamak ve test etmek, sa\u011fl\u0131k e\u011fitiminde iyi uygulamalar\u0131 payla\u015fmak.<\/li>\n<\/ul>\n<p>[\/et_pb_accordion_item][et_pb_accordion_item _builder_version=&#8221;3.0.98&#8243; title=&#8221;\u00d6\u011frenciler i\u00e7in karma hareketlilikler&#8221; use_background_color_gradient=&#8221;off&#8221; background_color_gradient_start=&#8221;#2b87da&#8221; background_color_gradient_end=&#8221;#29c4a9&#8243; background_color_gradient_type=&#8221;linear&#8221; background_color_gradient_direction=&#8221;180deg&#8221; background_color_gradient_direction_radial=&#8221;center&#8221; background_color_gradient_start_position=&#8221;0%&#8221; background_color_gradient_end_position=&#8221;100%&#8221; background_color_gradient_overlays_image=&#8221;off&#8221; parallax=&#8221;off&#8221; parallax_method=&#8221;on&#8221; background_size=&#8221;cover&#8221; background_position=&#8221;center&#8221; background_repeat=&#8221;no-repeat&#8221; background_blend=&#8221;normal&#8221; allow_player_pause=&#8221;off&#8221; text_shadow_style=&#8221;none&#8221; box_shadow_style=&#8221;none&#8221;]<\/p>\n<ul>\n<li>Danimarka ve Hollanda taraf\u0131ndan bar\u0131nd\u0131r\u0131lan her bir orta\u011f\u0131n 4 \u00f6\u011frencisi i\u00e7in 2 hareketlilik (sanal hareketlilik ve fiziksel hareketlilik kar\u0131\u015f\u0131m\u0131-5 g\u00fcn).<\/li>\n<li>Temel hedefler: \u00d6\u011frencilerin ki\u015fisel ve mesleki yetkinliklerini geli\u015ftirmek, proje kapsam\u0131nda geli\u015ftirilen sim\u00fclasyon etkinliklerini ve senaryolar\u0131 uluslararas\u0131 ba\u011flamda test etmek ve deneyimleri payla\u015fmak.<\/li>\n<\/ul>\n<p>[\/et_pb_accordion_item][et_pb_accordion_item _builder_version=&#8221;3.0.98&#8243; title=&#8221;Yayg\u0131nla\u015ft\u0131rma&#8221; use_background_color_gradient=&#8221;off&#8221; background_color_gradient_start=&#8221;#2b87da&#8221; background_color_gradient_end=&#8221;#29c4a9&#8243; background_color_gradient_type=&#8221;linear&#8221; background_color_gradient_direction=&#8221;180deg&#8221; background_color_gradient_direction_radial=&#8221;center&#8221; background_color_gradient_start_position=&#8221;0%&#8221; background_color_gradient_end_position=&#8221;100%&#8221; background_color_gradient_overlays_image=&#8221;off&#8221; parallax=&#8221;off&#8221; parallax_method=&#8221;on&#8221; background_size=&#8221;cover&#8221; background_position=&#8221;center&#8221; background_repeat=&#8221;no-repeat&#8221; background_blend=&#8221;normal&#8221; allow_player_pause=&#8221;off&#8221; text_shadow_style=&#8221;none&#8221; box_shadow_style=&#8221;none&#8221; text_shadow_horizontal_length=&#8221;0em&#8221; text_shadow_vertical_length=&#8221;0em&#8221; text_shadow_blur_strength=&#8221;0em&#8221;]<\/p>\n<p><strong>\u00a0Yaz\u0131l\u0131 ve \u0130nternette<\/strong><\/p>\n<ul>\n<li>Bro\u015f\u00fcr ve Posterler<\/li>\n<li>\u00a0Proje B\u00fclteni<\/li>\n<li>Proje Web Sitesi &amp; Facebook<\/li>\n<li>\u00a0Ortaklar\u0131n Kurumsal Web Sitelerine Proje Web Sitesinin Linki<\/li>\n<li>Fikri \u00c7\u0131kt\u0131lar\u0131n Youtube Kanal\u0131nda Yay\u0131nlanmas\u0131<\/li>\n<\/ul>\n<p><strong>Bireysel<\/strong><\/p>\n<ul>\n<li>Toplant\u0131lar<\/li>\n<li>\u00a0R\u00f6portajlar<\/li>\n<li>Sunumlar<\/li>\n<li>E\u011fitim \u00c7al\u0131\u015fmalar\u0131<\/li>\n<li>Seminerler, Yuvarlak Masa Toplant\u0131lar\u0131 ve At\u00f6lyeler<\/li>\n<li>Konferanslara Kat\u0131l\u0131m<\/li>\n<li>E\u015fde\u011fer Kurumlarla Payla\u015fma<\/li>\n<li>\u00c7arpan Etkili Etkinlikler<\/li>\n<\/ul>\n<p>\u00b7<\/p>\n<p>&nbsp;<\/p>\n<p>[\/et_pb_accordion_item][et_pb_accordion_item _builder_version=&#8221;3.0.98&#8243; title=&#8221;De\u011ferlendirme&#8221; use_background_color_gradient=&#8221;off&#8221; background_color_gradient_start=&#8221;#2b87da&#8221; background_color_gradient_end=&#8221;#29c4a9&#8243; background_color_gradient_type=&#8221;linear&#8221; background_color_gradient_direction=&#8221;180deg&#8221; background_color_gradient_direction_radial=&#8221;center&#8221; background_color_gradient_start_position=&#8221;0%&#8221; background_color_gradient_end_position=&#8221;100%&#8221; background_color_gradient_overlays_image=&#8221;off&#8221; parallax=&#8221;off&#8221; parallax_method=&#8221;on&#8221; background_size=&#8221;cover&#8221; background_position=&#8221;center&#8221; background_repeat=&#8221;no-repeat&#8221; background_blend=&#8221;normal&#8221; allow_player_pause=&#8221;off&#8221; text_shadow_style=&#8221;none&#8221; box_shadow_style=&#8221;none&#8221; text_shadow_horizontal_length=&#8221;0em&#8221; text_shadow_vertical_length=&#8221;0em&#8221; text_shadow_blur_strength=&#8221;0em&#8221;]<\/p>\n<ul>\n<li><strong>Proje De\u011ferlendirmesi<\/strong><\/li>\n<li><strong>Fikri \u00c7\u0131kt\u0131 De\u011ferlendirmesi<\/strong><\/li>\n<\/ul>\n<p>&nbsp;<\/p>\n<p>[\/et_pb_accordion_item][\/et_pb_accordion][\/et_pb_column][\/et_pb_row][\/et_pb_section]<\/p>\n","protected":false},"excerpt":{"rendered":"<p>[et_pb_section bb_built=&#8221;1&#8243;][et_pb_row][et_pb_column type=&#8221;4_4&#8243;][et_pb_text _builder_version=&#8221;3.0.98&#8243; background_color=&#8221;#2c0ccc&#8221; background_layout=&#8221;dark&#8221; header_text_align=&#8221;center&#8221; text_line_height=&#8221;1.4em&#8221; text_orientation=&#8221;center&#8221; text_font_size=&#8221;23px&#8221; text_letter_spacing=&#8221;5px&#8221;] Hakk\u0131nda [\/et_pb_text][et_pb_accordion _builder_version=&#8221;3.0.98&#8243;][et_pb_accordion_item _builder_version=&#8221;3.0.98&#8243; title=&#8221;Genel Bilgi&#8221; use_background_color_gradient=&#8221;off&#8221; background_color_gradient_start=&#8221;#2b87da&#8221; background_color_gradient_end=&#8221;#29c4a9&#8243; background_color_gradient_type=&#8221;linear&#8221; background_color_gradient_direction=&#8221;180deg&#8221; background_color_gradient_direction_radial=&#8221;center&#8221; background_color_gradient_start_position=&#8221;0%&#8221; background_color_gradient_end_position=&#8221;100%&#8221; background_color_gradient_overlays_image=&#8221;off&#8221; parallax=&#8221;off&#8221; parallax_method=&#8221;on&#8221; background_size=&#8221;cover&#8221; background_position=&#8221;center&#8221; background_repeat=&#8221;no-repeat&#8221; background_blend=&#8221;normal&#8221; allow_player_pause=&#8221;off&#8221; text_shadow_style=&#8221;none&#8221; box_shadow_style=&#8221;none&#8221;] S\u00fcre: 24 Ay. D\u00f6nem: 1 Kas\u0131m 2017 \u2013 31 Ekim 2019 B\u00fct\u00e7e: 224.118 \u20ac Ortaklar: Fundatia Ecologica Green, Romania, Instituto [&hellip;]<\/p>\n","protected":false},"author":1,"featured_media":0,"parent":0,"menu_order":0,"comment_status":"closed","ping_status":"closed","template":"","meta":[],"_links":{"self":[{"href":"https:\/\/empact-project.eu\/index.php?rest_route=\/wp\/v2\/pages\/489"}],"collection":[{"href":"https:\/\/empact-project.eu\/index.php?rest_route=\/wp\/v2\/pages"}],"about":[{"href":"https:\/\/empact-project.eu\/index.php?rest_route=\/wp\/v2\/types\/page"}],"author":[{"embeddable":true,"href":"https:\/\/empact-project.eu\/index.php?rest_route=\/wp\/v2\/users\/1"}],"replies":[{"embeddable":true,"href":"https:\/\/empact-project.eu\/index.php?rest_route=%2Fwp%2Fv2%2Fcomments&post=489"}],"version-history":[{"count":10,"href":"https:\/\/empact-project.eu\/index.php?rest_route=\/wp\/v2\/pages\/489\/revisions"}],"predecessor-version":[{"id":992,"href":"https:\/\/empact-project.eu\/index.php?rest_route=\/wp\/v2\/pages\/489\/revisions\/992"}],"wp:attachment":[{"href":"https:\/\/empact-project.eu\/index.php?rest_route=%2Fwp%2Fv2%2Fmedia&parent=489"}],"curies":[{"name":"wp","href":"https:\/\/api.w.org\/{rel}","templated":true}]}}