{"id":61,"date":"2018-01-22T11:13:19","date_gmt":"2018-01-22T11:13:19","guid":{"rendered":"https:\/\/empact-project.eu\/?page_id=61"},"modified":"2018-10-17T13:58:55","modified_gmt":"2018-10-17T13:58:55","slug":"acerca","status":"publish","type":"page","link":"https:\/\/empact-project.eu\/?page_id=61&lang=pt","title":{"rendered":"Acerca"},"content":{"rendered":"<p>[et_pb_section bb_built=&#8221;1&#8243;][et_pb_row _builder_version=&#8221;3.0.98&#8243; custom_margin=&#8221;0px||0px|&#8221;][et_pb_column type=&#8221;4_4&#8243;][et_pb_text _builder_version=&#8221;3.0.98&#8243; background_color_gradient_end=&#8221;#0c71c3&#8243; background_layout=&#8221;dark&#8221; background_color=&#8221;#0c71c3&#8243; text_font=&#8221;|700|||||||&#8221; text_font_size=&#8221;25px&#8221; text_orientation=&#8221;center&#8221; custom_margin=&#8221;30px||30px|&#8221; animation_style=&#8221;fade&#8221; custom_padding=&#8221;30px||30px|&#8221;]<\/p>\n<p>ACERCA<\/p>\n<p>[\/et_pb_text][et_pb_accordion _builder_version=&#8221;3.0.98&#8243; icon_color=&#8221;#0c71c3&#8243; toggle_level=&#8221;h4&#8243; toggle_font=&#8221;|700|||||||&#8221; text_shadow_style=&#8221;preset2&#8243; text_shadow_color=&#8221;rgba(201,201,201,0.4)&#8221; closed_toggle_background_color=&#8221;rgba(219,219,219,0.84)&#8221; toggle_text_shadow_style=&#8221;preset2&#8243; border_radii=&#8221;on|20px|20px|20px|20px&#8221; border_width_all=&#8221;3px&#8221;][et_pb_accordion_item _builder_version=&#8221;3.0.98&#8243; title=&#8221;Informa\u00e7\u00e3o Geral&#8221; use_background_color_gradient=&#8221;off&#8221; background_color_gradient_start=&#8221;#2b87da&#8221; background_color_gradient_end=&#8221;#29c4a9&#8243; background_color_gradient_type=&#8221;linear&#8221; background_color_gradient_direction=&#8221;180deg&#8221; background_color_gradient_direction_radial=&#8221;center&#8221; background_color_gradient_start_position=&#8221;0%&#8221; background_color_gradient_end_position=&#8221;100%&#8221; background_color_gradient_overlays_image=&#8221;off&#8221; parallax=&#8221;off&#8221; parallax_method=&#8221;on&#8221; background_size=&#8221;cover&#8221; background_position=&#8221;center&#8221; background_repeat=&#8221;no-repeat&#8221; background_blend=&#8221;normal&#8221; allow_player_pause=&#8221;off&#8221; text_shadow_style=&#8221;none&#8221; box_shadow_style=&#8221;none&#8221; text_shadow_horizontal_length=&#8221;0em&#8221; text_shadow_vertical_length=&#8221;0em&#8221; text_shadow_blur_strength=&#8221;0em&#8221; text_shadow_color=&#8221;rgba(0,0,0,0.4)&#8221; border_radii=&#8221;on|0px|0px|0px|0px&#8221;]<\/p>\n<ul>\n<li>Dura\u00e7\u00e3o: 24 meses.<\/li>\n<li>Per\u00edodo: 1 de Novembro\u00a0 2017 \u2013 31 de Outubro de\u00a0 2019<\/li>\n<li>Valor: 224.118 \u20ac<\/li>\n<li>Parceiros: Fundatia Ecologica Green, Romania, Instituto Politecnico De Santarem, Portugal, ROC Drenthe College, Netherlands, Kanuni Mesleki Ve Teknik Anadolu Lisesi, Turkey, Cifp Easo Politeknikoa Donostia-San Sebastian LHII, Spain, SOSU \u00d8STJYLLAND, Denmark.<\/li>\n<\/ul>\n<p>[\/et_pb_accordion_item][et_pb_accordion_item _builder_version=&#8221;3.0.98&#8243; title=&#8221;Objetivos Gerais&#8221; use_background_color_gradient=&#8221;off&#8221; background_color_gradient_start=&#8221;#2b87da&#8221; background_color_gradient_end=&#8221;#29c4a9&#8243; background_color_gradient_type=&#8221;linear&#8221; background_color_gradient_direction=&#8221;180deg&#8221; background_color_gradient_direction_radial=&#8221;center&#8221; background_color_gradient_start_position=&#8221;0%&#8221; background_color_gradient_end_position=&#8221;100%&#8221; background_color_gradient_overlays_image=&#8221;off&#8221; parallax=&#8221;off&#8221; parallax_method=&#8221;on&#8221; background_size=&#8221;cover&#8221; background_position=&#8221;center&#8221; background_repeat=&#8221;no-repeat&#8221; background_blend=&#8221;normal&#8221; allow_player_pause=&#8221;off&#8221; text_shadow_style=&#8221;none&#8221; box_shadow_style=&#8221;none&#8221; text_shadow_horizontal_length=&#8221;0em&#8221; text_shadow_vertical_length=&#8221;0em&#8221; text_shadow_blur_strength=&#8221;0em&#8221; text_shadow_color=&#8221;rgba(0,0,0,0.4)&#8221; border_radii=&#8221;on|0px|0px|0px|0px&#8221;]<\/p>\n<h4>Objetivo 1<\/h4>\n<ul>\n<li><b>Melhorar a qualidade da educa\u00e7\u00e3o na \u00e1rea dos Cuidados de Sa\u00fade<\/b><\/li>\n<\/ul>\n<h4>Objetivo 2<\/h4>\n<ul>\n<li><b>Tornar a educa\u00e7\u00e3o na \u00e1rea dos cuidados de sa\u00fade mais acess\u00edvel e mais atrativa para os estudantes<\/b><\/li>\n<\/ul>\n<h4>Objetivo 3<\/h4>\n<ul>\n<li><b>Fomentar a troca de boas pr\u00e1ticas entre os parceiros e cruzar os seus conhecimentos<\/b><\/li>\n<\/ul>\n<p>[\/et_pb_accordion_item][et_pb_accordion_item _builder_version=&#8221;3.0.98&#8243; title=&#8221;Materiais produzidos no projeto&#8221; use_background_color_gradient=&#8221;off&#8221; background_color_gradient_start=&#8221;#2b87da&#8221; background_color_gradient_end=&#8221;#29c4a9&#8243; background_color_gradient_type=&#8221;linear&#8221; background_color_gradient_direction=&#8221;180deg&#8221; background_color_gradient_direction_radial=&#8221;center&#8221; background_color_gradient_start_position=&#8221;0%&#8221; background_color_gradient_end_position=&#8221;100%&#8221; background_color_gradient_overlays_image=&#8221;off&#8221; parallax=&#8221;off&#8221; parallax_method=&#8221;on&#8221; background_size=&#8221;cover&#8221; background_position=&#8221;center&#8221; background_repeat=&#8221;no-repeat&#8221; background_blend=&#8221;normal&#8221; allow_player_pause=&#8221;off&#8221; text_shadow_style=&#8221;none&#8221; box_shadow_style=&#8221;none&#8221; text_shadow_horizontal_length=&#8221;0em&#8221; text_shadow_vertical_length=&#8221;0em&#8221; text_shadow_blur_strength=&#8221;0em&#8221; text_shadow_color=&#8221;rgba(0,0,0,0.4)&#8221; border_radii=&#8221;on|0px|0px|0px|0px&#8221;]<\/p>\n<p>1. Um Kit inicial que contem: Um\u00a0 <b>Manual<\/b>\u00a0sobre como implementar a simula\u00e7\u00e3o numa Escola de Sa\u00fade\u00a0 e um\u00a0\u00a0<b>Guia <\/b>\u00a0sobre como os meios multm\u00e9dia\u00a0 podem ajudar a potenciar e a documentar a simula\u00e7\u00e3o. O Guia pretende complementar o manual e ser um incentivo para a utiliza\u00e7\u00e3o dos meios multim\u00e9dia\u00a0 antes, durante e depois da simula\u00e7\u00e3o. O KIT ser\u00e1 distribu\u00eddo em formato digital.<\/p>\n<p>2. Uma cole\u00e7\u00e3o de cen\u00e1rios e v\u00eddeos curtos sobre pr\u00e1ticas de cuidados de sa\u00fade\u00a0 e um guia sobre como produzir bons cen\u00e1rios. Ser\u00e3o realizados\u00a0 6 cen\u00e1rios e 6 v\u00eddeos para ilustra\u00e7\u00e3o das boas pr\u00e1ticas.<\/p>\n<p>3. Uma cole\u00e7\u00e3o de tutoriais, que s\u00e3o um conjunto de cursos sobre 2 assuntos\u00a0 escolhidos por cada parceiro que ser\u00e3o transpostos para tutoriais, usando som e imagem. O grande objetivo \u00e9 promover o trabalho com tutoriais e estender o espa\u00e7o de aprendizagem<\/p>\n<p>&nbsp;<\/p>\n<p>[\/et_pb_accordion_item][et_pb_accordion_item _builder_version=&#8221;3.0.98&#8243; title=&#8221;Atividades do Projeto&#8221; use_background_color_gradient=&#8221;off&#8221; background_color_gradient_start=&#8221;#2b87da&#8221; background_color_gradient_end=&#8221;#29c4a9&#8243; background_color_gradient_type=&#8221;linear&#8221; background_color_gradient_direction=&#8221;180deg&#8221; background_color_gradient_direction_radial=&#8221;center&#8221; background_color_gradient_start_position=&#8221;0%&#8221; background_color_gradient_end_position=&#8221;100%&#8221; background_color_gradient_overlays_image=&#8221;off&#8221; parallax=&#8221;off&#8221; parallax_method=&#8221;on&#8221; background_size=&#8221;cover&#8221; background_position=&#8221;center&#8221; background_repeat=&#8221;no-repeat&#8221; background_blend=&#8221;normal&#8221; allow_player_pause=&#8221;off&#8221; text_shadow_style=&#8221;none&#8221; box_shadow_style=&#8221;none&#8221; text_shadow_horizontal_length=&#8221;0em&#8221; text_shadow_vertical_length=&#8221;0em&#8221; text_shadow_blur_strength=&#8221;0em&#8221; text_shadow_color=&#8221;rgba(0,0,0,0.4)&#8221; border_radii=&#8221;on|0px|0px|0px|0px&#8221;]<\/p>\n<h4><b>Gest\u00e3o do Projeto<\/b><\/h4>\n<ul>\n<li>4 Reuni\u00f5es de Projetos\u00a0 Transnationais (Ia\u0219i, Aarhus, Izmit, Emmen)<\/li>\n<li>Gest\u00e3o das atividades locais e relat\u00f3rios do projeto<\/li>\n<\/ul>\n<h4><b>Dissemina\u00e7\u00e3o e valoriza\u00e7\u00e3o<\/b><\/h4>\n<ul>\n<li>P\u00e1gina do projeto (website)<\/li>\n<li>Dissemina\u00e7\u00e3o atrav\u00e9s de atividades locais, incluindo 6 eventos multiplicadores<\/li>\n<li>Confer\u00eancia Final<\/li>\n<\/ul>\n<h4><b>Atividades\u00a0 de ensino \/ aprendizagem, atividades pr\u00e1ticas<\/b><\/h4>\n<ul>\n<li>3 encontros para treino do staff (Santarem, San Sebastian, Ia\u0219i)<\/li>\n<li>2 Mobilidades mistas (Aarhus, Emmen)<\/li>\n<\/ul>\n<h4><b>Desenvolvimento dos materiais do projeto<\/b><b>project<\/b> <b>intellectual outputs<\/b><\/h4>\n<ul>\n<li>O1,O2,O3<\/li>\n<\/ul>\n<h4><b>Avalia\u00e7\u00e3o<\/b><\/h4>\n<p>[\/et_pb_accordion_item][et_pb_accordion_item _builder_version=&#8221;3.0.98&#8243; title=&#8221;Eventos de treinos de curta dura\u00e7\u00e3o&#8221; use_background_color_gradient=&#8221;off&#8221; background_color_gradient_start=&#8221;#2b87da&#8221; background_color_gradient_end=&#8221;#29c4a9&#8243; background_color_gradient_type=&#8221;linear&#8221; background_color_gradient_direction=&#8221;180deg&#8221; background_color_gradient_direction_radial=&#8221;center&#8221; background_color_gradient_start_position=&#8221;0%&#8221; background_color_gradient_end_position=&#8221;100%&#8221; background_color_gradient_overlays_image=&#8221;off&#8221; parallax=&#8221;off&#8221; parallax_method=&#8221;on&#8221; background_size=&#8221;cover&#8221; background_position=&#8221;center&#8221; background_repeat=&#8221;no-repeat&#8221; background_blend=&#8221;normal&#8221; allow_player_pause=&#8221;off&#8221; text_shadow_style=&#8221;none&#8221; box_shadow_style=&#8221;none&#8221; text_shadow_horizontal_length=&#8221;0em&#8221; text_shadow_vertical_length=&#8221;0em&#8221; text_shadow_blur_strength=&#8221;0em&#8221; text_shadow_color=&#8221;rgba(0,0,0,0.4)&#8221; border_radii=&#8221;on|0px|0px|0px|0px&#8221;]<\/p>\n<ul>\n<li>3 mobilidades &#8211; 5 dias- para 3 pessoas do projeto (Respons\u00e1vel das IT\u00a0 + 2 enfermeiras) por parceiro, realizadas em Portugal, Spain and Romania.<\/li>\n<li>Principais Objetivos:\u00a0 Desenvolver nos t\u00e9cnicos compet\u00eancias pessoais e profissionais para desenhar e testar materiais digitais e partilhar boas pr\u00e1ticas na \u00e1rea dos cuidados de sa\u00fade.<\/li>\n<\/ul>\n<p>[\/et_pb_accordion_item][et_pb_accordion_item _builder_version=&#8221;3.0.98&#8243; title=&#8221;Mobilidades Mistas para Estudantes &#8221; use_background_color_gradient=&#8221;off&#8221; background_color_gradient_start=&#8221;#2b87da&#8221; background_color_gradient_end=&#8221;#29c4a9&#8243; background_color_gradient_type=&#8221;linear&#8221; background_color_gradient_direction=&#8221;180deg&#8221; background_color_gradient_direction_radial=&#8221;center&#8221; background_color_gradient_start_position=&#8221;0%&#8221; background_color_gradient_end_position=&#8221;100%&#8221; background_color_gradient_overlays_image=&#8221;off&#8221; parallax=&#8221;off&#8221; parallax_method=&#8221;on&#8221; background_size=&#8221;cover&#8221; background_position=&#8221;center&#8221; background_repeat=&#8221;no-repeat&#8221; background_blend=&#8221;normal&#8221; allow_player_pause=&#8221;off&#8221; text_shadow_style=&#8221;none&#8221; box_shadow_style=&#8221;none&#8221; text_shadow_horizontal_length=&#8221;0em&#8221; text_shadow_vertical_length=&#8221;0em&#8221; text_shadow_blur_strength=&#8221;0em&#8221; text_shadow_color=&#8221;rgba(0,0,0,0.4)&#8221; border_radii=&#8221;on|0px|0px|0px|0px&#8221;]<\/p>\n<ul>\n<li>2 mobilidades (mix de mobilidade virtual e mobilidade f\u00edsica &#8211; 5 dias) para 4 estudantes de cada parceiro, na Dinamarca e na Holanda.<\/li>\n<li>Principais objetivos: Desenvolver compet\u00eancias pessoais e profissionais nos estudantes,\u00a0 para testarem as atividades de simula\u00e7\u00e3o desenvolvidas no projeto em contexto de internacionaliza\u00e7\u00e3o e forma a trocar experi\u00eancias.<\/li>\n<\/ul>\n<p>[\/et_pb_accordion_item][et_pb_accordion_item _builder_version=&#8221;3.0.98&#8243; title=&#8221;Dissemina\u00e7\u00e3o&#8221; use_background_color_gradient=&#8221;off&#8221; background_color_gradient_start=&#8221;#2b87da&#8221; background_color_gradient_end=&#8221;#29c4a9&#8243; background_color_gradient_type=&#8221;linear&#8221; background_color_gradient_direction=&#8221;180deg&#8221; background_color_gradient_direction_radial=&#8221;center&#8221; background_color_gradient_start_position=&#8221;0%&#8221; background_color_gradient_end_position=&#8221;100%&#8221; background_color_gradient_overlays_image=&#8221;off&#8221; parallax=&#8221;off&#8221; parallax_method=&#8221;on&#8221; background_size=&#8221;cover&#8221; background_position=&#8221;center&#8221; background_repeat=&#8221;no-repeat&#8221; background_blend=&#8221;normal&#8221; allow_player_pause=&#8221;off&#8221; text_shadow_style=&#8221;none&#8221; box_shadow_style=&#8221;none&#8221; text_shadow_horizontal_length=&#8221;0em&#8221; text_shadow_vertical_length=&#8221;0em&#8221; text_shadow_blur_strength=&#8221;0em&#8221; text_shadow_color=&#8221;rgba(0,0,0,0.4)&#8221; border_radii=&#8221;on|0px|0px|0px|0px&#8221;]<\/p>\n<h4><b>Impress\u00f5es e divulga\u00e7\u00e3o na\u00a0 Internet:<\/b><\/h4>\n<ul>\n<li>Folhetos e Posters<\/li>\n<li>Newsletters<\/li>\n<li>P\u00e1gina do Projecto e p\u00e1gina do Facebook<\/li>\n<li>Linkar a p\u00e1gina do projeto com as Institui\u00e7\u00f5es do projeto<\/li>\n<li>Colocar os materiais desenvolvidos no\u00a0 Youtube<\/li>\n<\/ul>\n<h4><b>Em presen\u00e7a:<\/b><\/h4>\n<ul>\n<li>Reuni\u00f5es<\/li>\n<li>Interven\u00e7\u00f5es<\/li>\n<li>Apresenta\u00e7\u00f5es<\/li>\n<li>Forma\u00e7\u00e3o<\/li>\n<li>Workshops\/ semin\u00e1rios, mesas redondas<\/li>\n<li>Presen\u00e7a em confer\u00eancias<\/li>\n<li>Networking com institui\u00e7\u00f5es similares<\/li>\n<li>Eventos de Multiplica\u00e7\u00e3o<\/li>\n<\/ul>\n<p>[\/et_pb_accordion_item][et_pb_accordion_item _builder_version=&#8221;3.0.98&#8243; title=&#8221;Avalia\u00e7\u00e3o&#8221; use_background_color_gradient=&#8221;off&#8221; background_color_gradient_start=&#8221;#2b87da&#8221; background_color_gradient_end=&#8221;#29c4a9&#8243; background_color_gradient_type=&#8221;linear&#8221; background_color_gradient_direction=&#8221;180deg&#8221; background_color_gradient_direction_radial=&#8221;center&#8221; background_color_gradient_start_position=&#8221;0%&#8221; background_color_gradient_end_position=&#8221;100%&#8221; background_color_gradient_overlays_image=&#8221;off&#8221; parallax=&#8221;off&#8221; parallax_method=&#8221;on&#8221; background_size=&#8221;cover&#8221; background_position=&#8221;center&#8221; background_repeat=&#8221;no-repeat&#8221; background_blend=&#8221;normal&#8221; allow_player_pause=&#8221;off&#8221; text_shadow_style=&#8221;none&#8221; text_shadow_color=&#8221;rgba(0,0,0,0.4)&#8221; border_radii=&#8221;on|0px|0px|0px|0px&#8221; box_shadow_style=&#8221;none&#8221; text_shadow_horizontal_length=&#8221;0em&#8221; text_shadow_vertical_length=&#8221;0em&#8221; text_shadow_blur_strength=&#8221;0em&#8221;]<\/p>\n<h4><b>Avalia\u00e7\u00e3o\u00a0<\/b><\/h4>\n<ul>\n<li><strong>Avalia\u00e7\u00e3o do projecto<\/strong><\/li>\n<li><strong>Avalia\u00e7\u00e3o materiais produzidos<\/strong><\/li>\n<\/ul>\n<p>&nbsp;<\/p>\n<p>[\/et_pb_accordion_item][\/et_pb_accordion][\/et_pb_column][\/et_pb_row][\/et_pb_section]<\/p>\n","protected":false},"excerpt":{"rendered":"<p>[et_pb_section bb_built=&#8221;1&#8243;][et_pb_row _builder_version=&#8221;3.0.98&#8243; custom_margin=&#8221;0px||0px|&#8221;][et_pb_column type=&#8221;4_4&#8243;][et_pb_text _builder_version=&#8221;3.0.98&#8243; background_color_gradient_end=&#8221;#0c71c3&#8243; background_layout=&#8221;dark&#8221; background_color=&#8221;#0c71c3&#8243; text_font=&#8221;|700|||||||&#8221; text_font_size=&#8221;25px&#8221; text_orientation=&#8221;center&#8221; custom_margin=&#8221;30px||30px|&#8221; animation_style=&#8221;fade&#8221; custom_padding=&#8221;30px||30px|&#8221;] ACERCA [\/et_pb_text][et_pb_accordion _builder_version=&#8221;3.0.98&#8243; icon_color=&#8221;#0c71c3&#8243; toggle_level=&#8221;h4&#8243; toggle_font=&#8221;|700|||||||&#8221; text_shadow_style=&#8221;preset2&#8243; text_shadow_color=&#8221;rgba(201,201,201,0.4)&#8221; closed_toggle_background_color=&#8221;rgba(219,219,219,0.84)&#8221; toggle_text_shadow_style=&#8221;preset2&#8243; border_radii=&#8221;on|20px|20px|20px|20px&#8221; border_width_all=&#8221;3px&#8221;][et_pb_accordion_item _builder_version=&#8221;3.0.98&#8243; title=&#8221;Informa\u00e7\u00e3o Geral&#8221; use_background_color_gradient=&#8221;off&#8221; background_color_gradient_start=&#8221;#2b87da&#8221; background_color_gradient_end=&#8221;#29c4a9&#8243; background_color_gradient_type=&#8221;linear&#8221; background_color_gradient_direction=&#8221;180deg&#8221; background_color_gradient_direction_radial=&#8221;center&#8221; background_color_gradient_start_position=&#8221;0%&#8221; background_color_gradient_end_position=&#8221;100%&#8221; background_color_gradient_overlays_image=&#8221;off&#8221; parallax=&#8221;off&#8221; parallax_method=&#8221;on&#8221; background_size=&#8221;cover&#8221; background_position=&#8221;center&#8221; background_repeat=&#8221;no-repeat&#8221; background_blend=&#8221;normal&#8221; allow_player_pause=&#8221;off&#8221; text_shadow_style=&#8221;none&#8221; box_shadow_style=&#8221;none&#8221; text_shadow_horizontal_length=&#8221;0em&#8221; text_shadow_vertical_length=&#8221;0em&#8221; text_shadow_blur_strength=&#8221;0em&#8221; text_shadow_color=&#8221;rgba(0,0,0,0.4)&#8221; border_radii=&#8221;on|0px|0px|0px|0px&#8221;] Dura\u00e7\u00e3o: 24 [&hellip;]<\/p>\n","protected":false},"author":1,"featured_media":0,"parent":0,"menu_order":0,"comment_status":"closed","ping_status":"closed","template":"","meta":[],"_links":{"self":[{"href":"https:\/\/empact-project.eu\/index.php?rest_route=\/wp\/v2\/pages\/61"}],"collection":[{"href":"https:\/\/empact-project.eu\/index.php?rest_route=\/wp\/v2\/pages"}],"about":[{"href":"https:\/\/empact-project.eu\/index.php?rest_route=\/wp\/v2\/types\/page"}],"author":[{"embeddable":true,"href":"https:\/\/empact-project.eu\/index.php?rest_route=\/wp\/v2\/users\/1"}],"replies":[{"embeddable":true,"href":"https:\/\/empact-project.eu\/index.php?rest_route=%2Fwp%2Fv2%2Fcomments&post=61"}],"version-history":[{"count":15,"href":"https:\/\/empact-project.eu\/index.php?rest_route=\/wp\/v2\/pages\/61\/revisions"}],"predecessor-version":[{"id":937,"href":"https:\/\/empact-project.eu\/index.php?rest_route=\/wp\/v2\/pages\/61\/revisions\/937"}],"wp:attachment":[{"href":"https:\/\/empact-project.eu\/index.php?rest_route=%2Fwp%2Fv2%2Fmedia&parent=61"}],"curies":[{"name":"wp","href":"https:\/\/api.w.org\/{rel}","templated":true}]}}