{"id":817,"date":"2018-10-16T11:01:20","date_gmt":"2018-10-16T11:01:20","guid":{"rendered":"https:\/\/empact-project.eu\/?page_id=817"},"modified":"2019-07-03T16:28:17","modified_gmt":"2019-07-03T16:28:17","slug":"inicio","status":"publish","type":"page","link":"https:\/\/empact-project.eu\/?page_id=817&lang=pt","title":{"rendered":"In\u00edcio"},"content":{"rendered":"<p>[et_pb_section bb_built=&#8221;1&#8243; _builder_version=&#8221;3.0.98&#8243; background_image=&#8221;https:\/\/empact-project.eu\/wp-content\/uploads\/2018\/01\/cover_site.png&#8221;][et_pb_row _builder_version=&#8221;3.0.98&#8243;][et_pb_column type=&#8221;4_4&#8243;][et_pb_text _builder_version=&#8221;3.0.98&#8243; background_layout=&#8221;light&#8221;]<\/p>\n<p>&nbsp;&nbsp;&nbsp;&nbsp;&nbsp;&nbsp;<br \/>\n&nbsp;&nbsp;&nbsp;&nbsp;&nbsp;&nbsp;<br \/>\n&nbsp;&nbsp;&nbsp;&nbsp;&nbsp;&nbsp;<br \/>\n&nbsp;&nbsp;&nbsp;&nbsp;&nbsp;&nbsp;<br \/>\n&nbsp;&nbsp;&nbsp;&nbsp;&nbsp;&nbsp;<br \/>\n&nbsp;&nbsp;&nbsp;&nbsp;&nbsp;&nbsp;<br \/>\n&nbsp;&nbsp;&nbsp;&nbsp;&nbsp;&nbsp;<br \/>\n&nbsp;&nbsp;&nbsp;&nbsp;&nbsp;&nbsp;<br \/>\n&nbsp;&nbsp;&nbsp;&nbsp;&nbsp;&nbsp;<br \/>\n&nbsp;&nbsp;&nbsp;&nbsp;&nbsp;&nbsp;<br \/>\n&nbsp;&nbsp;&nbsp;&nbsp;&nbsp;&nbsp;<br \/>\n&nbsp;&nbsp;&nbsp;&nbsp;&nbsp;&nbsp;<br \/>\n&nbsp;&nbsp;&nbsp;&nbsp;&nbsp;&nbsp;<br \/>\n&nbsp;&nbsp;&nbsp;&nbsp;&nbsp;&nbsp;<br \/>\n&nbsp;&nbsp;&nbsp;&nbsp;&nbsp;&nbsp;<\/p>\n<p>[\/et_pb_text][\/et_pb_column][\/et_pb_row][et_pb_row _builder_version=&#8221;3.0.47&#8243; background_size=&#8221;initial&#8221; background_position=&#8221;top_left&#8221; background_repeat=&#8221;repeat&#8221;][et_pb_column type=&#8221;1_3&#8243;][et_pb_image src=&#8221;https:\/\/empact-project.eu\/wp-content\/uploads\/2018\/01\/erasmus_plus-650&#215;155.jpg&#8221; _builder_version=&#8221;3.0.98&#8243; show_in_lightbox=&#8221;off&#8221; url_new_window=&#8221;off&#8221; use_overlay=&#8221;off&#8221; always_center_on_mobile=&#8221;on&#8221; force_fullwidth=&#8221;off&#8221; show_bottom_space=&#8221;on&#8221;]<\/p>\n<p>&nbsp;<\/p>\n<p>[\/et_pb_image][\/et_pb_column][et_pb_column type=&#8221;2_3&#8243;][et_pb_text _builder_version=&#8221;3.0.98&#8243; background_color=&#8221;rgba(232,232,232,0.66)&#8221; background_layout=&#8221;light&#8221; text_font=&#8221;|700|||||||&#8221; text_font_size=&#8221;23px&#8221;]<\/p>\n<h3><\/h3>\n<p style=\"text-align: center;\"><b><span lang=\"RO\">O Projeto E-(m)PACT tem como foco a educa\u00e7\u00e3o para a sa\u00fade<\/span><\/b><\/p>\n<p>[\/et_pb_text][\/et_pb_column][\/et_pb_row][\/et_pb_section]<\/p>\n","protected":false},"excerpt":{"rendered":"<p>[et_pb_section bb_built=&#8221;1&#8243; _builder_version=&#8221;3.0.98&#8243; background_image=&#8221;https:\/\/empact-project.eu\/wp-content\/uploads\/2018\/01\/cover_site.png&#8221;][et_pb_row _builder_version=&#8221;3.0.98&#8243;][et_pb_column type=&#8221;4_4&#8243;][et_pb_text _builder_version=&#8221;3.0.98&#8243; background_layout=&#8221;light&#8221;] &nbsp;&nbsp;&nbsp;&nbsp;&nbsp;&nbsp; &nbsp;&nbsp;&nbsp;&nbsp;&nbsp;&nbsp; &nbsp;&nbsp;&nbsp;&nbsp;&nbsp;&nbsp; &nbsp;&nbsp;&nbsp;&nbsp;&nbsp;&nbsp; &nbsp;&nbsp;&nbsp;&nbsp;&nbsp;&nbsp; &nbsp;&nbsp;&nbsp;&nbsp;&nbsp;&nbsp; &nbsp;&nbsp;&nbsp;&nbsp;&nbsp;&nbsp; &nbsp;&nbsp;&nbsp;&nbsp;&nbsp;&nbsp; &nbsp;&nbsp;&nbsp;&nbsp;&nbsp;&nbsp; &nbsp;&nbsp;&nbsp;&nbsp;&nbsp;&nbsp; &nbsp;&nbsp;&nbsp;&nbsp;&nbsp;&nbsp; &nbsp;&nbsp;&nbsp;&nbsp;&nbsp;&nbsp; &nbsp;&nbsp;&nbsp;&nbsp;&nbsp;&nbsp; &nbsp;&nbsp;&nbsp;&nbsp;&nbsp;&nbsp; &nbsp;&nbsp;&nbsp;&nbsp;&nbsp;&nbsp; [\/et_pb_text][\/et_pb_column][\/et_pb_row][et_pb_row _builder_version=&#8221;3.0.47&#8243; background_size=&#8221;initial&#8221; background_position=&#8221;top_left&#8221; background_repeat=&#8221;repeat&#8221;][et_pb_column type=&#8221;1_3&#8243;][et_pb_image src=&#8221;https:\/\/empact-project.eu\/wp-content\/uploads\/2018\/01\/erasmus_plus-650&#215;155.jpg&#8221; _builder_version=&#8221;3.0.98&#8243; show_in_lightbox=&#8221;off&#8221; url_new_window=&#8221;off&#8221; use_overlay=&#8221;off&#8221; always_center_on_mobile=&#8221;on&#8221; force_fullwidth=&#8221;off&#8221; show_bottom_space=&#8221;on&#8221;] &nbsp; [\/et_pb_image][\/et_pb_column][et_pb_column type=&#8221;2_3&#8243;][et_pb_text _builder_version=&#8221;3.0.98&#8243; background_color=&#8221;rgba(232,232,232,0.66)&#8221; background_layout=&#8221;light&#8221; text_font=&#8221;|700|||||||&#8221; text_font_size=&#8221;23px&#8221;] O Projeto E-(m)PACT tem como foco a educa\u00e7\u00e3o para a [&hellip;]<\/p>\n","protected":false},"author":1,"featured_media":0,"parent":0,"menu_order":0,"comment_status":"closed","ping_status":"closed","template":"","meta":[],"_links":{"self":[{"href":"https:\/\/empact-project.eu\/index.php?rest_route=\/wp\/v2\/pages\/817"}],"collection":[{"href":"https:\/\/empact-project.eu\/index.php?rest_route=\/wp\/v2\/pages"}],"about":[{"href":"https:\/\/empact-project.eu\/index.php?rest_route=\/wp\/v2\/types\/page"}],"author":[{"embeddable":true,"href":"https:\/\/empact-project.eu\/index.php?rest_route=\/wp\/v2\/users\/1"}],"replies":[{"embeddable":true,"href":"https:\/\/empact-project.eu\/index.php?rest_route=%2Fwp%2Fv2%2Fcomments&post=817"}],"version-history":[{"count":4,"href":"https:\/\/empact-project.eu\/index.php?rest_route=\/wp\/v2\/pages\/817\/revisions"}],"predecessor-version":[{"id":1141,"href":"https:\/\/empact-project.eu\/index.php?rest_route=\/wp\/v2\/pages\/817\/revisions\/1141"}],"wp:attachment":[{"href":"https:\/\/empact-project.eu\/index.php?rest_route=%2Fwp%2Fv2%2Fmedia&parent=817"}],"curies":[{"name":"wp","href":"https:\/\/api.w.org\/{rel}","templated":true}]}}